{"id":306,"date":"2024-08-05T11:42:31","date_gmt":"2024-08-05T11:42:31","guid":{"rendered":"https:\/\/nuestroeventosostenible.com\/?page_id=306"},"modified":"2024-08-14T19:21:24","modified_gmt":"2024-08-14T19:21:24","slug":"ambientales","status":"publish","type":"page","link":"https:\/\/nuestroeventosostenible.com\/index.php\/ambientales\/","title":{"rendered":"Ambientales"},"content":{"rendered":"<div class=\"fusion-fullwidth fullwidth-box fusion-builder-row-1 fusion-flex-container has-pattern-background has-mask-background nonhundred-percent-fullwidth non-hundred-percent-height-scrolling\" style=\"--awb-border-radius-top-left:0px;--awb-border-radius-top-right:0px;--awb-border-radius-bottom-right:0px;--awb-border-radius-bottom-left:0px;--awb-flex-wrap:wrap;\" ><div class=\"fusion-builder-row fusion-row fusion-flex-align-items-flex-start fusion-flex-content-wrap\" style=\"max-width:1248px;margin-left: calc(-4% \/ 2 );margin-right: calc(-4% \/ 2 );\"><div class=\"fusion-layout-column fusion_builder_column fusion-builder-column-0 fusion_builder_column_1_1 1_1 fusion-flex-column\" style=\"--awb-bg-size:cover;--awb-width-large:100%;--awb-margin-top-large:0px;--awb-spacing-right-large:1.92%;--awb-margin-bottom-large:20px;--awb-spacing-left-large:1.92%;--awb-width-medium:100%;--awb-order-medium:0;--awb-spacing-right-medium:1.92%;--awb-spacing-left-medium:1.92%;--awb-width-small:100%;--awb-order-small:0;--awb-spacing-right-small:1.92%;--awb-spacing-left-small:1.92%;\"><div class=\"fusion-column-wrapper fusion-column-has-shadow fusion-flex-justify-content-flex-start fusion-content-layout-column\"><div class=\"fusion-text fusion-text-1\"><h4>Criterios ambientales<\/h4>\n<\/div><div class=\"fusion-text fusion-text-2\"><p>Los criterios ambientales para eventos sostenibles se centran\u00a0 en reducir el impacto ecol\u00f3gico a lo largo de todas las fases del evento. Esto incluye la elecci\u00f3n de lugares que prioricen la eficiencia energ\u00e9tica y la reducci\u00f3n del consumo de agua. Se promueve la gesti\u00f3n de residuos mediante la\u00a0 reducci\u00f3n, reutilizaci\u00f3n y\u00a0 reciclaje, evitando materiales desechables. Adem\u00e1s, se favorece la movilidad sostenible, incentivando el uso de transporte p\u00fablico o compartido. Tambi\u00e9n, se prioriza la selecci\u00f3n de proveedores y productos locales y ecol\u00f3gicos para reducir la huella de carbono.<\/p>\n<\/div><div class=\"fusion-content-boxes content-boxes columns row fusion-columns-3 fusion-columns-total-3 fusion-content-boxes-1 content-boxes-icon-on-top content-left\" style=\"--awb-backgroundcolor:#f4f4f4;--awb-body-color:#3f3f3f;--awb-title-color:#141414;--awb-iconcolor:#ffffff;--awb-hover-accent-color:#204646;--awb-circle-hover-accent-color:#204646;\" data-animationOffset=\"top-into-view\"><div style=\"--awb-backgroundcolor:#f4f4f4;--awb-iconcolor:#ffffff;\" class=\"fusion-column content-box-column content-box-column content-box-column-1 col-lg-4 col-md-4 col-sm-4 fusion-content-box-hover content-box-column-first-in-row\"><div class=\"col content-box-wrapper content-wrapper-background link-area-link-icon link-type-button content-icon-wrapper-yes icon-hover-animation-fade fusion-animated\" data-animationType=\"bounceInRight\" data-animationDuration=\"1.0\" data-animationOffset=\"top-into-view\"><div class=\"heading heading-with-icon icon-left\"><a class=\"heading-link\" href=\"https:\/\/nuestroeventosostenible.com\/index.php\/alimentacion\/\" target=\"_self\"><div class=\"icon\"><span style=\"height:126px;width:126px;line-height:66px;border-color:#f4f4f4;border-width:20px;border-style:solid;background-color:var(--awb-custom_color_3);box-sizing:content-box;border-radius:50%;\"><i style=\"border-color:var(--awb-custom_color_3);border-width:3px;background-color:var(--awb-custom_color_6);box-sizing:content-box;height:120px;width:120px;line-height:120px;border-radius:50%;position:relative;top:auto;left:auto;margin:0;border-radius:50%;font-size:60px;\" aria-hidden=\"true\" class=\"fontawesome-icon fa-utensils fas circle-yes\"><\/i><\/span><\/div><h2 class=\"content-box-heading\" style=\"--h2_typography-font-size:24px;line-height:29px;\">Alimentaci\u00f3n<\/h2><\/a><\/div><div class=\"fusion-clearfix\"><\/div><a class=\"fusion-read-more-button fusion-content-box-button fusion-button button-default fusion-button-default-size button- button-flat\" href=\"https:\/\/nuestroeventosostenible.com\/index.php\/alimentacion\/\" target=\"_self\"><span class=\"fusion-button-text\">Saber m\u00e1s<\/span><\/a><div class=\"fusion-clearfix\"><\/div><\/div><\/div><div style=\"--awb-backgroundcolor:#f4f4f4;--awb-iconcolor:#ffffff;\" class=\"fusion-column content-box-column content-box-column content-box-column-2 col-lg-4 col-md-4 col-sm-4 fusion-content-box-hover \"><div class=\"col content-box-wrapper content-wrapper-background link-area-link-icon link-type-button content-icon-wrapper-yes icon-hover-animation-fade fusion-animated\" data-animationType=\"bounceInRight\" data-animationDuration=\"1.0\" data-animationOffset=\"top-into-view\"><div class=\"heading heading-with-icon icon-left\"><a class=\"heading-link\" href=\"https:\/\/nuestroeventosostenible.com\/index.php\/residuos\/\" target=\"_self\"><div class=\"icon\"><span style=\"height:126px;width:126px;line-height:66px;border-color:#f4f4f4;border-width:20px;border-style:solid;background-color:var(--awb-custom_color_3);box-sizing:content-box;border-radius:50%;\"><i style=\"border-color:var(--awb-custom_color_3);border-width:3px;background-color:var(--awb-custom_color_6);box-sizing:content-box;height:120px;width:120px;line-height:120px;border-radius:50%;position:relative;top:auto;left:auto;margin:0;border-radius:50%;font-size:60px;\" aria-hidden=\"true\" class=\"fontawesome-icon fa-recycle fas circle-yes\"><\/i><\/span><\/div><h2 class=\"content-box-heading\" style=\"--h2_typography-font-size:24px;line-height:29px;\">Residuos<\/h2><\/a><\/div><div class=\"fusion-clearfix\"><\/div><a class=\"fusion-read-more-button fusion-content-box-button fusion-button button-default fusion-button-default-size button- button-flat\" href=\"https:\/\/nuestroeventosostenible.com\/index.php\/residuos\/\" target=\"_self\"><span class=\"fusion-button-text\">Saber m\u00e1s<\/span><\/a><div class=\"fusion-clearfix\"><\/div><\/div><\/div><div style=\"--awb-backgroundcolor:#f4f4f4;--awb-iconcolor:#ffffff;\" class=\"fusion-column content-box-column content-box-column content-box-column-3 col-lg-4 col-md-4 col-sm-4 fusion-content-box-hover content-box-column-last content-box-column-last-in-row\"><div class=\"col content-box-wrapper content-wrapper-background link-area-link-icon link-type-button content-icon-wrapper-yes icon-hover-animation-fade fusion-animated\" data-animationType=\"bounceInRight\" data-animationDuration=\"1.0\" data-animationOffset=\"top-into-view\"><div class=\"heading heading-with-icon icon-left\"><a class=\"heading-link\" href=\"https:\/\/nuestroeventosostenible.com\/index.php\/agua\/\" target=\"_self\"><div class=\"icon\"><span style=\"height:126px;width:126px;line-height:66px;border-color:#f4f4f4;border-width:20px;border-style:solid;background-color:var(--awb-custom_color_3);box-sizing:content-box;border-radius:50%;\"><i style=\"border-color:var(--awb-custom_color_3);border-width:3px;background-color:var(--awb-custom_color_6);box-sizing:content-box;height:120px;width:120px;line-height:120px;border-radius:50%;position:relative;top:auto;left:auto;margin:0;border-radius:50%;font-size:60px;\" aria-hidden=\"true\" class=\"fontawesome-icon fa-hand-holding-water fas circle-yes\"><\/i><\/span><\/div><h2 class=\"content-box-heading\" style=\"--h2_typography-font-size:24px;line-height:29px;\">Agua<\/h2><\/a><\/div><div class=\"fusion-clearfix\"><\/div><a class=\"fusion-read-more-button fusion-content-box-button fusion-button button-default fusion-button-default-size button- button-flat\" href=\"https:\/\/nuestroeventosostenible.com\/index.php\/agua\/\" target=\"_self\"><span class=\"fusion-button-text\">Saber m\u00e1s<\/span><\/a><div class=\"fusion-clearfix\"><\/div><\/div><\/div><div class=\"fusion-clearfix\"><\/div><\/div><\/div><\/div><div class=\"fusion-layout-column fusion_builder_column fusion-builder-column-1 fusion_builder_column_1_1 1_1 fusion-flex-column\" style=\"--awb-bg-size:cover;--awb-width-large:100%;--awb-margin-top-large:-60px;--awb-spacing-right-large:1.92%;--awb-margin-bottom-large:20px;--awb-spacing-left-large:1.92%;--awb-width-medium:100%;--awb-order-medium:0;--awb-spacing-right-medium:1.92%;--awb-spacing-left-medium:1.92%;--awb-width-small:100%;--awb-order-small:0;--awb-spacing-right-small:1.92%;--awb-spacing-left-small:1.92%;\" data-scroll-devices=\"small-visibility,medium-visibility,large-visibility\"><div class=\"fusion-column-wrapper fusion-column-has-shadow fusion-flex-justify-content-flex-start fusion-content-layout-column\"><div class=\"fusion-content-boxes content-boxes columns row fusion-columns-3 fusion-columns-total-3 fusion-content-boxes-2 content-boxes-icon-on-top content-left\" style=\"--awb-backgroundcolor:#f4f4f4;--awb-body-color:#3f3f3f;--awb-title-color:#141414;--awb-iconcolor:#ffffff;--awb-hover-accent-color:#204646;--awb-circle-hover-accent-color:#204646;\" data-animationOffset=\"top-into-view\"><div style=\"--awb-backgroundcolor:#f4f4f4;--awb-iconcolor:#ffffff;\" class=\"fusion-column content-box-column content-box-column content-box-column-1 col-lg-4 col-md-4 col-sm-4 fusion-content-box-hover content-box-column-first-in-row\"><div class=\"col content-box-wrapper content-wrapper-background link-area-link-icon link-type-button content-icon-wrapper-yes icon-hover-animation-fade fusion-animated\" data-animationType=\"bounceInRight\" data-animationDuration=\"1.0\" data-animationOffset=\"top-into-view\"><div class=\"heading heading-with-icon icon-left\"><a class=\"heading-link\" href=\"https:\/\/nuestroeventosostenible.com\/index.php\/temperatura\/\" target=\"_self\"><div class=\"icon\"><span style=\"height:126px;width:126px;line-height:66px;border-color:#f4f4f4;border-width:20px;border-style:solid;background-color:var(--awb-custom_color_3);box-sizing:content-box;border-radius:50%;\"><i style=\"border-color:var(--awb-custom_color_3);border-width:3px;background-color:var(--awb-custom_color_6);box-sizing:content-box;height:120px;width:120px;line-height:120px;border-radius:50%;position:relative;top:auto;left:auto;margin:0;border-radius:50%;font-size:60px;\" aria-hidden=\"true\" class=\"fontawesome-icon fa-temperature-high fas circle-yes\"><\/i><\/span><\/div><h2 class=\"content-box-heading\" style=\"--h2_typography-font-size:24px;line-height:29px;\">Temperatura<\/h2><\/a><\/div><div class=\"fusion-clearfix\"><\/div><a class=\"fusion-read-more-button fusion-content-box-button fusion-button button-default fusion-button-default-size button- button-flat\" href=\"https:\/\/nuestroeventosostenible.com\/index.php\/temperatura\/\" target=\"_self\"><span class=\"fusion-button-text\">Saber m\u00e1s<\/span><\/a><div class=\"fusion-clearfix\"><\/div><\/div><\/div><div style=\"--awb-backgroundcolor:#f4f4f4;--awb-iconcolor:#ffffff;\" class=\"fusion-column content-box-column content-box-column content-box-column-2 col-lg-4 col-md-4 col-sm-4 fusion-content-box-hover \"><div class=\"col content-box-wrapper content-wrapper-background link-area-link-icon link-type-button content-icon-wrapper-yes icon-hover-animation-fade fusion-animated\" data-animationType=\"bounceInRight\" data-animationDuration=\"1.0\" data-animationOffset=\"top-into-view\"><div class=\"heading heading-with-icon icon-left\"><a class=\"heading-link\" href=\"https:\/\/nuestroeventosostenible.com\/index.php\/movilidad\/\" target=\"_self\"><div class=\"icon\"><span style=\"height:126px;width:126px;line-height:66px;border-color:#f4f4f4;border-width:20px;border-style:solid;background-color:var(--awb-custom_color_3);box-sizing:content-box;border-radius:50%;\"><i style=\"border-color:var(--awb-custom_color_3);border-width:3px;background-color:var(--awb-custom_color_6);box-sizing:content-box;height:120px;width:120px;line-height:120px;border-radius:50%;position:relative;top:auto;left:auto;margin:0;border-radius:50%;font-size:60px;\" aria-hidden=\"true\" class=\"fontawesome-icon fa-shoe-prints fas circle-yes\"><\/i><\/span><\/div><h2 class=\"content-box-heading\" style=\"--h2_typography-font-size:24px;line-height:29px;\">Movilidad<\/h2><\/a><\/div><div class=\"fusion-clearfix\"><\/div><a class=\"fusion-read-more-button fusion-content-box-button fusion-button button-default fusion-button-default-size button- button-flat\" href=\"https:\/\/nuestroeventosostenible.com\/index.php\/movilidad\/\" target=\"_self\"><span class=\"fusion-button-text\">Saber m\u00e1s<\/span><\/a><div class=\"fusion-clearfix\"><\/div><\/div><\/div><div style=\"--awb-backgroundcolor:#f4f4f4;--awb-iconcolor:#ffffff;\" class=\"fusion-column content-box-column content-box-column content-box-column-3 col-lg-4 col-md-4 col-sm-4 fusion-content-box-hover content-box-column-last content-box-column-last-in-row\"><div class=\"col content-box-wrapper content-wrapper-background link-area-link-icon link-type-button content-icon-wrapper-yes icon-hover-animation-fade fusion-animated\" data-animationType=\"bounceInRight\" data-animationDuration=\"1.0\" data-animationOffset=\"top-into-view\"><div class=\"heading heading-with-icon icon-left\"><a class=\"heading-link\" href=\"https:\/\/nuestroeventosostenible.com\/index.php\/energia\/\" target=\"_self\"><div class=\"icon\"><span style=\"height:126px;width:126px;line-height:66px;border-color:#f4f4f4;border-width:20px;border-style:solid;background-color:var(--awb-custom_color_3);box-sizing:content-box;border-radius:50%;\"><i style=\"border-color:var(--awb-custom_color_3);border-width:3px;background-color:var(--awb-custom_color_6);box-sizing:content-box;height:120px;width:120px;line-height:120px;border-radius:50%;position:relative;top:auto;left:auto;margin:0;border-radius:50%;font-size:60px;\" aria-hidden=\"true\" class=\"fontawesome-icon fa-fan fas circle-yes\"><\/i><\/span><\/div><h2 class=\"content-box-heading\" style=\"--h2_typography-font-size:24px;line-height:29px;\">Energ\u00eda<\/h2><\/a><\/div><div class=\"fusion-clearfix\"><\/div><a class=\"fusion-read-more-button fusion-content-box-button fusion-button button-default fusion-button-default-size button- button-flat\" href=\"https:\/\/nuestroeventosostenible.com\/index.php\/energia\/\" target=\"_self\"><span class=\"fusion-button-text\">Saber m\u00e1s<\/span><\/a><div class=\"fusion-clearfix\"><\/div><\/div><\/div><div class=\"fusion-clearfix\"><\/div><\/div><\/div><\/div><\/div><\/div>\n","protected":false},"excerpt":{"rendered":"","protected":false},"author":1,"featured_media":0,"parent":0,"menu_order":0,"comment_status":"closed","ping_status":"closed","template":"100-width.php","meta":{"footnotes":""},"class_list":["post-306","page","type-page","status-publish","hentry"],"_links":{"self":[{"href":"https:\/\/nuestroeventosostenible.com\/index.php\/wp-json\/wp\/v2\/pages\/306"}],"collection":[{"href":"https:\/\/nuestroeventosostenible.com\/index.php\/wp-json\/wp\/v2\/pages"}],"about":[{"href":"https:\/\/nuestroeventosostenible.com\/index.php\/wp-json\/wp\/v2\/types\/page"}],"author":[{"embeddable":true,"href":"https:\/\/nuestroeventosostenible.com\/index.php\/wp-json\/wp\/v2\/users\/1"}],"replies":[{"embeddable":true,"href":"https:\/\/nuestroeventosostenible.com\/index.php\/wp-json\/wp\/v2\/comments?post=306"}],"version-history":[{"count":37,"href":"https:\/\/nuestroeventosostenible.com\/index.php\/wp-json\/wp\/v2\/pages\/306\/revisions"}],"predecessor-version":[{"id":1250,"href":"https:\/\/nuestroeventosostenible.com\/index.php\/wp-json\/wp\/v2\/pages\/306\/revisions\/1250"}],"wp:attachment":[{"href":"https:\/\/nuestroeventosostenible.com\/index.php\/wp-json\/wp\/v2\/media?parent=306"}],"curies":[{"name":"wp","href":"https:\/\/api.w.org\/{rel}","templated":true}]}}